{"id":36,"date":"2007-08-16T22:11:02","date_gmt":"2007-08-16T20:11:02","guid":{"rendered":"http:\/\/www.ooxoo.info\/?page_id=36"},"modified":"2016-08-28T20:34:28","modified_gmt":"2016-08-28T20:34:28","slug":"kontakt","status":"publish","type":"page","link":"https:\/\/www.brixworx.de\/?page_id=36","title":{"rendered":"Kontakt"},"content":{"rendered":"<p>Gynna &amp; Ben Brix<br \/>\nLohbergstra\u00dfe 4a<br \/>\n37085 G\u00f6ttingen<br \/>\nT 0163 30 70 100<\/p>\n<p>[bestwebsoft_contact_form]<\/p>\n<h3>Impressum f\u00fcr www.oooxoo.info<\/h3>\n<p>Gem\u00e4\u00df \u00a7 28 BDSG widersprechen wir jeder kommerziellen Verwendung und Weitergabe unserer Daten.<\/p>\n<p><strong>Verantwortungsbereich:<\/strong> Das Impressum gilt nur f\u00fcr die Internetpr\u00e4senz unter der Adresse http:\/\/www.ooxoo.info\/<\/p>\n<p><strong>Abgrenzung:<\/strong> Die Web-Pr\u00e4senz ist Teil des WWW und dementsprechend mit fremden, sich jederzeit wandeln k\u00f6nnenden Web-Sites verkn\u00fcpft, die folglich auch nicht diesem Verantwortungsbereich unterliegen und f\u00fcr die nachfolgende Informationen nicht gelten. Dass die Links weder gegen Sitten noch Gesetze versto\u00dfen, wurde genau ein mal gepr\u00fcft, bevor sie hier aufgenommen wurden. Solche Links, die zu fremden Webprojekten f\u00fchren, erkennen Sie an einem grauen Pfeilsymbol vor dem Link.<\/p>\n<p><strong>Keine Haftung:<\/strong> Die Inhalte dieses Webprojektes wurden sorgf\u00e4ltig gepr\u00fcft und nach bestem Wissen erstellt. Aber f\u00fcr die hier dargebotenen Informationen wird kein Anspruch auf Vollst\u00e4ndigkeit, Aktualit\u00e4t, Qualit\u00e4t und Richtigkeit erhoben. Es kann keine Verantwortung f\u00fcr Sch\u00e4den \u00fcbernommen werden, die durch das Vertrauen auf die Inhalte dieser Website oder deren Gebrauch entstehen.<\/p>\n<p><strong>Schutzrechtsverletzung:<\/strong> Falls Sie vermuten, dass von dieser Website aus eines Ihrer Schutzrechte verletzt wird, teilen Sie das bitte umgehend per elektronischer Post mit, damit z\u00fcgig Abhilfe geschafft werden kann. Bitte nehmen Sie zur Kenntnis: Die zeitaufw\u00e4ndigere Einschaltung eines Anwaltes zur f\u00fcr den Diensteanbieter kostenpflichtigen Abmahnung entspricht nicht dessen wirklichen oder mutma\u00dflichen Willen.<\/p>\n<p><strong>Subjektiv:<\/strong> Diese Webseite hat weder den Anspruch, komplett zu sein, noch behaupten wir, stets die Wahrheit zu schreiben. Jedoch versuchen wir, keine Unwahrheiten zu verbreiten. Wir geben m\u00f6glichst wahrheitsgetreu unsere Reiseeindr\u00fccke wieder.<\/p>\n<p>Wer Fehler bemerkt, mit dem Inhalt nicht einverstanden ist oder Erg\u00e4nzungen zum Inhalt machen m\u00f6chte, soll bitte mit uns Kontakt aufnehmen.<\/p>\n<p><strong>Referenzierung:<\/strong> Wer Texte oder Bilder dieser Webseite kopieren und weiterverwenden will, soll uns bitte vorher dar\u00fcber informieren. Wir werden dies nur sehr selten ablehnen, m\u00f6chten aber wissen, was mit dem Inhalt dieser Seite geschieht.<\/p>\n","protected":false},"excerpt":{"rendered":"<p>Gynna &amp; Ben Brix Lohbergstra\u00dfe 4a 37085 G\u00f6ttingen T 0163 30 70 100 [bestwebsoft_contact_form] Impressum f\u00fcr www.oooxoo.info Gem\u00e4\u00df \u00a7 28 BDSG widersprechen wir jeder kommerziellen Verwendung und Weitergabe&#8230;<\/p>\n","protected":false},"author":1,"featured_media":302,"parent":0,"menu_order":0,"comment_status":"open","ping_status":"open","template":"","meta":{"footnotes":""},"class_list":["post-36","page","type-page","status-publish","has-post-thumbnail","hentry"],"_links":{"self":[{"href":"https:\/\/www.brixworx.de\/index.php?rest_route=\/wp\/v2\/pages\/36","targetHints":{"allow":["GET"]}}],"collection":[{"href":"https:\/\/www.brixworx.de\/index.php?rest_route=\/wp\/v2\/pages"}],"about":[{"href":"https:\/\/www.brixworx.de\/index.php?rest_route=\/wp\/v2\/types\/page"}],"author":[{"embeddable":true,"href":"https:\/\/www.brixworx.de\/index.php?rest_route=\/wp\/v2\/users\/1"}],"replies":[{"embeddable":true,"href":"https:\/\/www.brixworx.de\/index.php?rest_route=%2Fwp%2Fv2%2Fcomments&post=36"}],"version-history":[{"count":7,"href":"https:\/\/www.brixworx.de\/index.php?rest_route=\/wp\/v2\/pages\/36\/revisions"}],"predecessor-version":[{"id":311,"href":"https:\/\/www.brixworx.de\/index.php?rest_route=\/wp\/v2\/pages\/36\/revisions\/311"}],"wp:featuredmedia":[{"embeddable":true,"href":"https:\/\/www.brixworx.de\/index.php?rest_route=\/wp\/v2\/media\/302"}],"wp:attachment":[{"href":"https:\/\/www.brixworx.de\/index.php?rest_route=%2Fwp%2Fv2%2Fmedia&parent=36"}],"curies":[{"name":"wp","href":"https:\/\/api.w.org\/{rel}","templated":true}]}}